{"id":343,"date":"2023-08-04T13:36:40","date_gmt":"2023-08-04T13:36:40","guid":{"rendered":"https:\/\/pointcongress.com\/?page_id=343"},"modified":"2026-03-06T10:18:18","modified_gmt":"2026-03-06T10:18:18","slug":"iletisim","status":"publish","type":"page","link":"https:\/\/pointcongress.com\/en\/iletisim\/","title":{"rendered":"Contact"},"content":{"rendered":"\t\t<div data-elementor-type=\"wp-page\" data-elementor-id=\"343\" class=\"elementor elementor-343\">\n\t\t\t\t\t\t<section class=\"elementor-section elementor-top-section elementor-element elementor-element-011d2d7 elementor-section-boxed elementor-section-height-default elementor-section-height-default\" data-id=\"011d2d7\" data-element_type=\"section\" data-e-type=\"section\" data-settings=\"{&quot;wdt_bg_image&quot;:{&quot;url&quot;:&quot;&quot;,&quot;id&quot;:&quot;&quot;,&quot;size&quot;:&quot;&quot;},&quot;wdt_bg_image_laptop&quot;:{&quot;url&quot;:&quot;&quot;,&quot;id&quot;:&quot;&quot;,&quot;size&quot;:&quot;&quot;},&quot;wdt_bg_image_tablet_extra&quot;:{&quot;url&quot;:&quot;&quot;,&quot;id&quot;:&quot;&quot;,&quot;size&quot;:&quot;&quot;},&quot;wdt_bg_image_tablet&quot;:{&quot;url&quot;:&quot;&quot;,&quot;id&quot;:&quot;&quot;,&quot;size&quot;:&quot;&quot;},&quot;wdt_bg_image_mobile_extra&quot;:{&quot;url&quot;:&quot;&quot;,&quot;id&quot;:&quot;&quot;,&quot;size&quot;:&quot;&quot;},&quot;wdt_bg_image_mobile&quot;:{&quot;url&quot;:&quot;&quot;,&quot;id&quot;:&quot;&quot;,&quot;size&quot;:&quot;&quot;},&quot;wdt_bg_position&quot;:&quot;center center&quot;,&quot;wdt_animation_effect&quot;:&quot;none&quot;}\">\n\t\t\t\t\t\t<div class=\"elementor-container elementor-column-gap-no\">\n\t\t\t\t\t<div class=\"elementor-column elementor-col-100 elementor-top-column elementor-element elementor-element-d1f7458\" data-id=\"d1f7458\" data-element_type=\"column\" data-e-type=\"column\">\n\t\t\t<div class=\"elementor-widget-wrap elementor-element-populated\">\n\t\t\t\t\t\t<section class=\"elementor-section elementor-inner-section elementor-element elementor-element-ec6661e elementor-section-full_width elementor-section-height-default elementor-section-height-default\" data-id=\"ec6661e\" data-element_type=\"section\" data-e-type=\"section\" data-settings=\"{&quot;wdt_bg_image&quot;:{&quot;url&quot;:&quot;&quot;,&quot;id&quot;:&quot;&quot;,&quot;size&quot;:&quot;&quot;},&quot;wdt_bg_image_laptop&quot;:{&quot;url&quot;:&quot;&quot;,&quot;id&quot;:&quot;&quot;,&quot;size&quot;:&quot;&quot;},&quot;wdt_bg_image_tablet_extra&quot;:{&quot;url&quot;:&quot;&quot;,&quot;id&quot;:&quot;&quot;,&quot;size&quot;:&quot;&quot;},&quot;wdt_bg_image_tablet&quot;:{&quot;url&quot;:&quot;&quot;,&quot;id&quot;:&quot;&quot;,&quot;size&quot;:&quot;&quot;},&quot;wdt_bg_image_mobile_extra&quot;:{&quot;url&quot;:&quot;&quot;,&quot;id&quot;:&quot;&quot;,&quot;size&quot;:&quot;&quot;},&quot;wdt_bg_image_mobile&quot;:{&quot;url&quot;:&quot;&quot;,&quot;id&quot;:&quot;&quot;,&quot;size&quot;:&quot;&quot;},&quot;wdt_bg_position&quot;:&quot;center center&quot;,&quot;wdt_animation_effect&quot;:&quot;none&quot;}\">\n\t\t\t\t\t\t<div class=\"elementor-container elementor-column-gap-no\">\n\t\t\t\t\t<div class=\"wdt-sticky-column elementor-column elementor-col-50 elementor-inner-column elementor-element elementor-element-5bb2500\" data-wdt-settings=\"{&quot;id&quot;:&quot;5bb2500&quot;,&quot;sticky&quot;:true,&quot;topSpacing&quot;:50,&quot;bottomSpacing&quot;:50,&quot;stickyOn&quot;:[&quot;desktop&quot;,&quot;laptop&quot;,&quot;tablet_extra&quot;,&quot;tablet&quot;],&quot;overflowHidden&quot;:false}\" data-id=\"5bb2500\" data-element_type=\"column\" data-e-type=\"column\">\n\t\t\t<div class=\"elementor-widget-wrap elementor-element-populated\">\n\t\t\t\t\t\t<div class=\"elementor-element elementor-element-a50f591 start animated-slow elementor-invisible elementor-widget elementor-widget-wdt-heading\" data-id=\"a50f591\" data-element_type=\"widget\" data-e-type=\"widget\" data-settings=\"{&quot;_animation&quot;:&quot;fadeInLeft&quot;,&quot;wdt_animation_effect&quot;:&quot;none&quot;}\" data-widget_type=\"wdt-heading.default\">\n\t\t\t\t<div class=\"elementor-widget-container\">\n\t\t\t\t\t<div class=\"wdt-heading-holder \" id=\"wdt-heading-a50f591\"><div class=\"wdt-heading-subtitle-wrapper wdt-heading-align-center \"><span class=\"wdt-heading-subtitle\">POINT CONGRESS<\/span><\/div><h2 class=\"wdt-heading-title-wrapper wdt-heading-align-center wdt-heading-deco-wrapper\"><span class=\"wdt-heading-title\">Bizimle <span class=\"wdt-heading-colored-elements\">\u0130leti\u015fime<\/span> Ge\u00e7in<\/span><\/h2><div class=\"wdt-heading-content-wrapper\">Web sitemize ve hizmetlerimize g\u00f6sterdi\u011finiz ilgi i\u00e7in te\u015fekk\u00fcr ederiz.\n<p>Herhangi bir sorunuz varsa, l\u00fctfen bizimle ileti\u015fime ge\u00e7in!<\/div><\/div>\t\t\t\t<\/div>\n\t\t\t\t<\/div>\n\t\t\t\t<div class=\"elementor-element elementor-element-700f380 start wdt-cus-contact-icon-lists animated-slow elementor-invisible elementor-widget elementor-widget-wdt-advanced-slider\" data-id=\"700f380\" data-element_type=\"widget\" data-e-type=\"widget\" data-settings=\"{&quot;columns&quot;:&quot;1&quot;,&quot;_animation&quot;:&quot;fadeInLeft&quot;,&quot;columns_laptop&quot;:&quot;1&quot;,&quot;columns_tablet_extra&quot;:&quot;1&quot;,&quot;columns_tablet&quot;:&quot;1&quot;,&quot;columns_mobile_extra&quot;:1,&quot;columns_mobile&quot;:1,&quot;carousel_arrows_prev_arrow_vertical_top_indent&quot;:{&quot;unit&quot;:&quot;%&quot;,&quot;size&quot;:&quot;&quot;,&quot;sizes&quot;:[]},&quot;carousel_arrows_prev_arrow_vertical_top_indent_laptop&quot;:{&quot;unit&quot;:&quot;px&quot;,&quot;size&quot;:&quot;&quot;,&quot;sizes&quot;:[]},&quot;carousel_arrows_prev_arrow_vertical_top_indent_tablet_extra&quot;:{&quot;unit&quot;:&quot;px&quot;,&quot;size&quot;:&quot;&quot;,&quot;sizes&quot;:[]},&quot;carousel_arrows_prev_arrow_vertical_top_indent_tablet&quot;:{&quot;unit&quot;:&quot;%&quot;,&quot;size&quot;:&quot;&quot;,&quot;sizes&quot;:[]},&quot;carousel_arrows_prev_arrow_vertical_top_indent_mobile_extra&quot;:{&quot;unit&quot;:&quot;px&quot;,&quot;size&quot;:&quot;&quot;,&quot;sizes&quot;:[]},&quot;carousel_arrows_prev_arrow_vertical_top_indent_mobile&quot;:{&quot;unit&quot;:&quot;%&quot;,&quot;size&quot;:&quot;&quot;,&quot;sizes&quot;:[]},&quot;carousel_arrows_prev_arrow_horizontal_left_indent&quot;:{&quot;unit&quot;:&quot;%&quot;,&quot;size&quot;:&quot;&quot;,&quot;sizes&quot;:[]},&quot;carousel_arrows_prev_arrow_horizontal_left_indent_laptop&quot;:{&quot;unit&quot;:&quot;px&quot;,&quot;size&quot;:&quot;&quot;,&quot;sizes&quot;:[]},&quot;carousel_arrows_prev_arrow_horizontal_left_indent_tablet_extra&quot;:{&quot;unit&quot;:&quot;px&quot;,&quot;size&quot;:&quot;&quot;,&quot;sizes&quot;:[]},&quot;carousel_arrows_prev_arrow_horizontal_left_indent_tablet&quot;:{&quot;unit&quot;:&quot;%&quot;,&quot;size&quot;:&quot;&quot;,&quot;sizes&quot;:[]},&quot;carousel_arrows_prev_arrow_horizontal_left_indent_mobile_extra&quot;:{&quot;unit&quot;:&quot;px&quot;,&quot;size&quot;:&quot;&quot;,&quot;sizes&quot;:[]},&quot;carousel_arrows_prev_arrow_horizontal_left_indent_mobile&quot;:{&quot;unit&quot;:&quot;%&quot;,&quot;size&quot;:&quot;&quot;,&quot;sizes&quot;:[]},&quot;carousel_arrows_next_arrow_vertical_top_indent&quot;:{&quot;unit&quot;:&quot;%&quot;,&quot;size&quot;:&quot;&quot;,&quot;sizes&quot;:[]},&quot;carousel_arrows_next_arrow_vertical_top_indent_laptop&quot;:{&quot;unit&quot;:&quot;px&quot;,&quot;size&quot;:&quot;&quot;,&quot;sizes&quot;:[]},&quot;carousel_arrows_next_arrow_vertical_top_indent_tablet_extra&quot;:{&quot;unit&quot;:&quot;px&quot;,&quot;size&quot;:&quot;&quot;,&quot;sizes&quot;:[]},&quot;carousel_arrows_next_arrow_vertical_top_indent_tablet&quot;:{&quot;unit&quot;:&quot;%&quot;,&quot;size&quot;:&quot;&quot;,&quot;sizes&quot;:[]},&quot;carousel_arrows_next_arrow_vertical_top_indent_mobile_extra&quot;:{&quot;unit&quot;:&quot;px&quot;,&quot;size&quot;:&quot;&quot;,&quot;sizes&quot;:[]},&quot;carousel_arrows_next_arrow_vertical_top_indent_mobile&quot;:{&quot;unit&quot;:&quot;%&quot;,&quot;size&quot;:&quot;&quot;,&quot;sizes&quot;:[]},&quot;carousel_arrows_next_arrow_horizontal_left_indent&quot;:{&quot;unit&quot;:&quot;%&quot;,&quot;size&quot;:&quot;&quot;,&quot;sizes&quot;:[]},&quot;carousel_arrows_next_arrow_horizontal_left_indent_laptop&quot;:{&quot;unit&quot;:&quot;px&quot;,&quot;size&quot;:&quot;&quot;,&quot;sizes&quot;:[]},&quot;carousel_arrows_next_arrow_horizontal_left_indent_tablet_extra&quot;:{&quot;unit&quot;:&quot;px&quot;,&quot;size&quot;:&quot;&quot;,&quot;sizes&quot;:[]},&quot;carousel_arrows_next_arrow_horizontal_left_indent_tablet&quot;:{&quot;unit&quot;:&quot;%&quot;,&quot;size&quot;:&quot;&quot;,&quot;sizes&quot;:[]},&quot;carousel_arrows_next_arrow_horizontal_left_indent_mobile_extra&quot;:{&quot;unit&quot;:&quot;px&quot;,&quot;size&quot;:&quot;&quot;,&quot;sizes&quot;:[]},&quot;carousel_arrows_next_arrow_horizontal_left_indent_mobile&quot;:{&quot;unit&quot;:&quot;%&quot;,&quot;size&quot;:&quot;&quot;,&quot;sizes&quot;:[]},&quot;wdt_animation_effect&quot;:&quot;none&quot;}\" data-widget_type=\"wdt-advanced-slider.default\">\n\t\t\t\t<div class=\"elementor-widget-container\">\n\t\t\t\t\t<div class=\"wdt-specifications-holder wdt-content-item-holder wdt-column-holder \" id=\"wdt-specifications-700f380\" data-settings=\"\"><div class=\"wdt-column-wrapper wdt-column-gap-custom\"><div class=\"wdt-column\"><div class=\"wdt-content-item\"><div class=\"wdt-specification-block\"><div class=\"wdt-image-icon-group\"><div class=\"wdt-content-image-wrapper\"><div class=\"wdt-content-image\"><\/div><\/div><div class=\"wdt-content-icon-wrapper \"><div class=\"wdt-content-icon\"><span><svg xmlns=\"http:\/\/www.w3.org\/2000\/svg\" xmlns:xlink=\"http:\/\/www.w3.org\/1999\/xlink\" x=\"0px\" y=\"0px\" viewBox=\"0 0 100 100\" style=\"enable-background:new 0 0 100 100;\" xml:space=\"preserve\"><path d=\"M74.7,11.2C68,4.5,59.1,0.9,49.7,1c-9,0.1-17.6,3.6-24.1,10C19.1,17.4,15.3,25.8,15,34.9 c-0.1,3.6,0.3,7.1,1.2,10.5c0.3,1.2,0.7,2.4,1.2,3.5l1,2.3L41.6,94c1.7,3.1,4.8,5,8.4,5s6.7-1.9,8.4-5l23.1-42.8l1-2.2 c0.5-1.2,0.9-2.4,1.2-3.7c0.8-3,1.3-6.2,1.3-9.4C85,26.6,81.3,17.8,74.7,11.2L74.7,11.2z M81.5,44.7c-0.3,1.2-0.7,2.3-1.1,3.4 l-0.9,2.1L56.3,92.9c-1.3,2.4-3.6,3.8-6.3,3.8s-5.1-1.4-6.3-3.8L20.6,50.3l-1-2.2c-0.4-1-0.8-2.1-1.1-3.3c-0.9-3.2-1.3-6.5-1.2-9.8 C17.9,17.6,32.4,3.5,49.7,3.3c8.8-0.1,17.1,3.3,23.3,9.5c6.2,6.2,9.7,14.4,9.7,23.2C82.7,39,82.3,41.9,81.5,44.7z\"><\/path><path d=\"M49.9,18.9c-9.8,0-17.7,7.9-17.7,17.7s7.9,17.7,17.7,17.7s17.7-7.9,17.7-17.7S59.7,18.9,49.9,18.9z  M49.9,51.9c-8.5,0-15.4-6.9-15.4-15.4c0-8.5,6.9-15.4,15.4-15.4c8.5,0,15.4,6.9,15.4,15.4C65.3,45,58.4,51.9,49.9,51.9z\"><\/path><\/svg><\/span><\/div><\/div><\/div><div class=\"wdt-content-detail-group\"><div class=\"wdt-content-title\"><h5>Adres:<\/h5><\/div><div class=\"wdt-content-description\">Nisbetiye Mah. Gazi G\u00fc\u00e7nar Sk.\nUygur \u0130\u015f Mrkz. 4\/4 Be\u015fikta\u015f, \u0130stanbul<\/div><div class=\"wdt-content-button-group\"><\/div><\/div><\/div><\/div><\/div><div class=\"wdt-column\"><div class=\"wdt-content-item\"><div class=\"wdt-specification-block\"><div class=\"wdt-image-icon-group\"><div class=\"wdt-content-image-wrapper\"><div class=\"wdt-content-image\"><\/div><\/div><div class=\"wdt-content-icon-wrapper \"><div class=\"wdt-content-icon\"><span><svg xmlns=\"http:\/\/www.w3.org\/2000\/svg\" xmlns:xlink=\"http:\/\/www.w3.org\/1999\/xlink\" x=\"0px\" y=\"0px\" viewBox=\"0 0 100 100\" style=\"enable-background:new 0 0 100 100;\" xml:space=\"preserve\"><path d=\"M87.1,72.9c-0.1-0.1-0.2-0.1-0.2-0.2L71,63.7l-0.2-0.1c-0.1,0-0.1-0.1-0.2-0.1c-5.6-2.6-9.5,2.4-12.4,6.2 c-0.5,0.7-1.2,1.6-1.7,2.1c-0.6,0.6-1.2,1.1-1.6,1.2c-0.1,0-0.3,0.1-0.5,0c-6.5-3.3-12-7.4-16.6-12.3c-3.8-4-7.2-8.7-10.5-14.6 c-0.4-1.3,1.4-2.7,3.6-4.3c0.7-0.5,1.4-1,1.9-1.5c2.1-1.6,3.5-3.1,4.3-4.8c1-2.4,0.7-4.7-1-6.9L26,11.5c-0.5-1-1.5-1.6-2.6-1.6 c-5.8-0.5-10.8,0.8-14.7,4c-3.9,3.1-6.4,7.9-7.4,13.7C0,36.4,2.2,46.6,7.9,56.8C13.6,67.1,22.6,77.4,32.7,85c2.4,1.8,4.7,3.2,7,4.7 l0.8,0.5c5.6,3.5,10.3,5.7,14.8,7.1c3.5,1.1,6.8,1.6,10.2,1.6c1.6,0,3.2-0.1,4.7-0.3c4-0.6,7.1-1.4,9.7-2.7c3.6-1.6,6.4-4.1,8.2-7.3 c1.6-2.8,2.5-5.9,2.5-8.5C90.6,77,89.4,74.5,87.1,72.9L87.1,72.9z M86,87.4c-1.6,2.8-3.9,4.8-7.1,6.2c-2.4,1.1-5.3,1.9-9.1,2.5 c-4.6,0.7-9,0.3-13.8-1.2c-4.2-1.3-8.7-3.5-14.2-6.8L41,87.6c-2.2-1.4-4.6-2.9-6.9-4.6C24.3,75.6,15.6,65.6,10,55.6 c-5.4-9.8-7.5-19.4-6.2-27.7c0.9-5.3,3.1-9.5,6.5-12.2c2.9-2.3,6.5-3.5,10.8-3.5c0.7,0,1.4,0,2.2,0.1c0.3,0,0.5,0.2,0.6,0.4 l10.2,17.2l0.1,0.1c1.2,1.5,1.4,2.9,0.7,4.5c-0.5,1.3-1.7,2.6-3.5,3.9l-0.1,0.1c-0.5,0.4-1.1,0.9-1.8,1.4c-2.4,1.7-5.6,4.1-4.4,7.2 l0.7-0.3l-0.6,0.3c3.4,6.2,6.9,11,10.9,15.2c4.8,5.1,10.5,9.3,17.3,12.8c0.8,0.4,1.7,0.4,2.4,0.1c0.8-0.3,1.6-0.8,2.5-1.8 c0.5-0.5,1.1-1.2,2-2.4c3.2-4.2,5.8-7.1,9.4-5.4c0.1,0,0.1,0.1,0.2,0.1l15.8,9.1c0,0,0.1,0.1,0.1,0.1c1.6,1.1,2.4,2.8,2.4,5.2 C88.2,82.3,87.4,85,86,87.4L86,87.4z\"><\/path><path d=\"M71.8,6.9C59.4,0.7,47.5,1.1,47,1.1c-0.7,0-1.2,0.6-1.2,1.3s0.6,1.2,1.3,1.2c0.1,0,11.8-0.4,23.7,5.6 c15.8,7.9,24.5,22.7,25.7,44c0,0.6,0.6,1.1,1.2,1.1c0,0,0,0,0.1,0c0.7,0,1.2-0.6,1.1-1.3C97.4,25.3,83.3,12.6,71.8,6.9L71.8,6.9z\"><\/path><path d=\"M49,16.4c0.1,0,8.3-0.3,16.7,3.9c11.1,5.6,17.2,16,18.1,31c0,0.6,0.6,1.1,1.2,1.1c0,0,0,0,0.1,0 c0.7,0,1.2-0.6,1.1-1.3c-1.2-19.9-11.2-28.9-19.5-33c-8.9-4.4-17.4-4.2-17.8-4.1c-0.7,0-1.2,0.6-1.2,1.3 C47.7,15.9,48.3,16.4,49,16.4L49,16.4z\"><\/path><path d=\"M46.5,27.4c0,0.7,0.6,1.2,1.3,1.2c0.9,0,22.4-0.5,23.8,23.9c0,0.6,0.6,1.1,1.2,1.1c0,0,0,0,0.1,0 c0.7,0,1.2-0.6,1.1-1.3c-1.6-26.8-26.1-26.2-26.3-26.2C47,26.2,46.4,26.8,46.5,27.4z\"><\/path><\/svg><\/span><\/div><\/div><\/div><div class=\"wdt-content-detail-group\"><div class=\"wdt-content-title\"><h5>Tel:<\/h5><\/div><div class=\"wdt-content-button-group\"><div class=\"wdt-content-button wdt-button-clone\"><a href=\"tel:+902123373737\"><div class=\"wdt-button-text\"><span>+90 212 337 37 37<\/span><\/div><\/a><\/div><\/div><\/div><\/div><\/div><\/div><div class=\"wdt-column\"><div class=\"wdt-content-item\"><div class=\"wdt-specification-block\"><div class=\"wdt-image-icon-group\"><div class=\"wdt-content-image-wrapper\"><div class=\"wdt-content-image\"><\/div><\/div><div class=\"wdt-content-icon-wrapper \"><div class=\"wdt-content-icon\"><span><svg xmlns=\"http:\/\/www.w3.org\/2000\/svg\" xmlns:xlink=\"http:\/\/www.w3.org\/1999\/xlink\" x=\"0px\" y=\"0px\" viewBox=\"0 0 100 100\" style=\"enable-background:new 0 0 100 100;\" xml:space=\"preserve\"><path d=\"M75.7,43.4c-1.8,0-3.3,0.7-4.5,1.8c-0.3-3.1-2.9-5.5-6.1-5.5c-1.7,0-3.2,0.7-4.3,1.8c-0.9-2.7-3.5-4.7-6.5-4.7 c-1.8,0-3.5,0.7-4.7,1.9V23.3c0-3.8-3.1-7-7-7c-3.8,0-7,3.1-7,7v38.8c-1.7-2.7-4.4-6.4-8.1-9.3c-2.2-1.8-5.4-1.8-7.7,0 c-1.3,1-2.1,2.5-2.3,4.2c-0.2,1.6,0.3,3.3,1.4,4.5c2.2,2.7,5.5,7.6,8.9,15.7C28.3,78.1,37.7,99,52.7,99c0.2,0,0.4,0,0.6,0h2.5 c14.7,0,26.7-12,26.7-26.7V50C82.4,46.3,79.4,43.4,75.7,43.4L75.7,43.4z M80.2,72.3c0,13.5-11,24.5-24.5,24.5h-2.5 c-13.9,0.5-23.3-20.3-23.3-20.5C26.4,68,23,63,20.7,60.2c-0.7-0.8-1-1.9-0.9-3c0.1-1.1,0.7-2.1,1.5-2.7c1.5-1.2,3.6-1.2,5,0 c5.2,4.2,8.5,10.1,9.4,11.8c0.2,0.5,0.8,0.7,1.3,0.6c0.5-0.1,0.9-0.6,0.9-1.1V23.3c0-2.7,2.2-4.8,4.8-4.8c2.7,0,4.8,2.2,4.8,4.8 v34.9c0,0.6,0.5,1.1,1.1,1.1s1.1-0.5,1.1-1.1V43.5c0-2.6,2.1-4.7,4.7-4.7s4.7,2.1,4.7,4.7v14.1c0,0.6,0.5,1.1,1.1,1.1 c0.6,0,1.1-0.5,1.1-1.1V45.8c0-2.2,1.8-4,4-4c2.2,0,4,1.8,4,4v11.8c0,0.6,0.5,1.1,1.1,1.1c0.6,0,1.1-0.5,1.1-1.1V50 c0-2.5,2-4.5,4.5-4.5c2.5,0,4.5,2,4.5,4.5V72.3z\"><\/path><path d=\"M29.5,39.6c0.2,0.1,0.4,0.2,0.6,0.2c0.3,0,0.7-0.2,0.9-0.5c0.3-0.5,0.2-1.1-0.3-1.5 c-5.1-3.6-8.2-9.4-8.2-15.6c0-10.5,8.6-19.1,19.1-19.1c10.5,0,19.1,8.6,19.1,19.1c0,2.8-0.6,5.4-1.7,7.9c-0.2,0.5,0,1.2,0.5,1.4 c0.5,0.2,1.2,0,1.4-0.5c1.3-2.8,1.9-5.7,1.9-8.8C62.8,10.5,53.3,1,41.6,1c-11.7,0-21.2,9.5-21.2,21.2C20.4,29.1,23.8,35.6,29.5,39.6 z\"><\/path><\/svg><\/span><\/div><\/div><\/div><div class=\"wdt-content-detail-group\"><div class=\"wdt-content-title\"><h5>Mail:<\/h5><\/div><div class=\"wdt-content-button-group\"><div class=\"wdt-content-button wdt-button-clone\"><a href=\"mailto:Info@pointcongress.com\"><div class=\"wdt-button-text\"><span>Info@pointcongress.com<\/span><\/div><\/a><\/div><\/div><\/div><\/div><\/div><\/div><\/div><\/div>\t\t\t\t<\/div>\n\t\t\t\t<\/div>\n\t\t\t\t<div class=\"elementor-element elementor-element-5de2c70 animated-slow elementor-invisible elementor-widget elementor-widget-image\" data-id=\"5de2c70\" data-element_type=\"widget\" data-e-type=\"widget\" data-settings=\"{&quot;_animation&quot;:&quot;fadeInLeft&quot;,&quot;wdt_animation_effect&quot;:&quot;none&quot;}\" data-widget_type=\"image.default\">\n\t\t\t\t\t\t\t\t\t\t\t\t\t\t\t<img fetchpriority=\"high\" decoding=\"async\" width=\"1000\" height=\"450\" src=\"https:\/\/pointcongress.com\/wp-content\/uploads\/2026\/03\/iletisim.webp\" class=\"attachment-full size-full wp-image-1980\" alt=\"\" srcset=\"https:\/\/pointcongress.com\/wp-content\/uploads\/2026\/03\/iletisim.webp 1000w, https:\/\/pointcongress.com\/wp-content\/uploads\/2026\/03\/iletisim-300x135.webp 300w, https:\/\/pointcongress.com\/wp-content\/uploads\/2026\/03\/iletisim-768x346.webp 768w\" sizes=\"(max-width: 1000px) 100vw, 1000px\" \/>\t\t\t\t\t\t\t\t\t\t\t\t\t\t\t<\/div>\n\t\t\t\t\t<\/div>\n\t\t<\/div>\n\t\t\t\t<div class=\"elementor-column elementor-col-50 elementor-inner-column elementor-element elementor-element-ad93a0b\" data-id=\"ad93a0b\" data-element_type=\"column\" data-e-type=\"column\" data-settings=\"{&quot;background_background&quot;:&quot;classic&quot;}\">\n\t\t\t<div class=\"elementor-widget-wrap elementor-element-populated\">\n\t\t\t\t\t\t<div class=\"elementor-element elementor-element-ff6d44c start wdt-dark-bg elementor-widget__width-initial animated-slow elementor-invisible elementor-widget elementor-widget-wdt-heading\" data-id=\"ff6d44c\" data-element_type=\"widget\" data-e-type=\"widget\" data-settings=\"{&quot;_animation&quot;:&quot;fadeInRight&quot;,&quot;wdt_animation_effect&quot;:&quot;none&quot;}\" data-widget_type=\"wdt-heading.default\">\n\t\t\t\t<div class=\"elementor-widget-container\">\n\t\t\t\t\t<div class=\"wdt-heading-holder \" id=\"wdt-heading-ff6d44c\"><h4 class=\"wdt-heading-title-wrapper wdt-heading-align-center wdt-heading-deco-wrapper\"><span class=\"wdt-heading-title\">Bizimle \u0130leti\u015fime Ge\u00e7in & Birinci S\u0131n\u0131f Hizmetin Keyfini \u00c7\u0131kar\u0131n<\/span><\/h4><div class=\"wdt-heading-content-wrapper\">Ki\u015fiselle\u015ftirilmi\u015f Destek ve \u00c7\u00f6z\u00fcmler<\/div><\/div>\t\t\t\t<\/div>\n\t\t\t\t<\/div>\n\t\t\t\t<div class=\"elementor-element elementor-element-39236d9 animated-slow wdt-dark-bg elementor-invisible elementor-widget elementor-widget-shortcode\" data-id=\"39236d9\" data-element_type=\"widget\" data-e-type=\"widget\" data-settings=\"{&quot;_animation&quot;:&quot;fadeInRight&quot;,&quot;wdt_animation_effect&quot;:&quot;none&quot;}\" data-widget_type=\"shortcode.default\">\n\t\t\t\t\t\t\t<div class=\"elementor-shortcode\">\n<div class=\"wpcf7 no-js\" id=\"wpcf7-f826-o1\" lang=\"en-US\" dir=\"ltr\" data-wpcf7-id=\"826\">\n<div class=\"screen-reader-response\"><p role=\"status\" aria-live=\"polite\" aria-atomic=\"true\"><\/p> <ul><\/ul><\/div>\n<form action=\"\/en\/wp-json\/wp\/v2\/pages\/343#wpcf7-f826-o1\" method=\"post\" class=\"wpcf7-form init wdt-cus-contact-page-form demo\" aria-label=\"Contact form\" novalidate=\"novalidate\" data-status=\"init\">\n<fieldset class=\"hidden-fields-container\"><input type=\"hidden\" name=\"_wpcf7\" value=\"826\" \/><input type=\"hidden\" name=\"_wpcf7_version\" value=\"6.1.5\" \/><input type=\"hidden\" name=\"_wpcf7_locale\" value=\"en_US\" \/><input type=\"hidden\" name=\"_wpcf7_unit_tag\" value=\"wpcf7-f826-o1\" \/><input type=\"hidden\" name=\"_wpcf7_container_post\" value=\"0\" \/><input type=\"hidden\" name=\"_wpcf7_posted_data_hash\" value=\"\" \/>\n<\/fieldset>\n<div class=\"wdt-cus-row-1\">\n\t<div class=\"wdt-cus-col1\">\n\t\t<p><span class=\"wpcf7-form-control-wrap\" data-name=\"your-name\"><input size=\"40\" maxlength=\"400\" class=\"wpcf7-form-control wpcf7-text wpcf7-validates-as-required\" aria-required=\"true\" aria-invalid=\"false\" placeholder=\"Ad\u0131n\u0131z:\" value=\"\" type=\"text\" name=\"your-name\" \/><\/span>\n\t\t<\/p>\n\t<\/div>\n\t<div class=\"wdt-cus-col2\">\n\t\t<p><span class=\"wpcf7-form-control-wrap\" data-name=\"your-email\"><input size=\"40\" maxlength=\"400\" class=\"wpcf7-form-control wpcf7-email wpcf7-validates-as-required wpcf7-text wpcf7-validates-as-email\" aria-required=\"true\" aria-invalid=\"false\" placeholder=\"E-mail:\" value=\"\" type=\"email\" name=\"your-email\" \/><\/span>\n\t\t<\/p>\n\t<\/div>\n<\/div>\n<div class=\"wdt-cus-row-1\">\n\t<div class=\"wdt-cus-col1\">\n\t\t<p><span class=\"wpcf7-form-control-wrap\" data-name=\"Number\"><input size=\"40\" maxlength=\"400\" class=\"wpcf7-form-control wpcf7-text wpcf7-validates-as-required\" aria-required=\"true\" aria-invalid=\"false\" placeholder=\"Telefon:\" value=\"\" type=\"text\" name=\"Number\" \/><\/span>\n\t\t<\/p>\n\t<\/div>\n<\/div>\n<div class=\"wdt-cus-form-row-2\">\n\t<p><span class=\"wpcf7-form-control-wrap\" data-name=\"desc\"><textarea cols=\"40\" rows=\"10\" maxlength=\"2000\" class=\"wpcf7-form-control wpcf7-textarea\" aria-invalid=\"false\" placeholder=\"Mesaj:\" name=\"desc\"><\/textarea><\/span>\n\t<\/p>\n<\/div>\n<div class=\"wdt-cus-form-btn\" style=\"margin-top:65px;\">\n\t<p><input class=\"wpcf7-form-control wpcf7-submit has-spinner\" type=\"submit\" value=\"G\u00f6nder\" \/>\n\t<\/p>\n<\/div><div class=\"wpcf7-response-output\" aria-hidden=\"true\"><\/div>\n<\/form>\n<\/div>\n<\/div>\n\t\t\t\t\t\t<\/div>\n\t\t\t\t\t<\/div>\n\t\t<\/div>\n\t\t\t\t\t<\/div>\n\t\t<\/section>\n\t\t\t\t\t<\/div>\n\t\t<\/div>\n\t\t\t\t\t<\/div>\n\t\t<\/section>\n\t\t\t\t<section class=\"elementor-section elementor-top-section elementor-element elementor-element-4cfdf76 elementor-section-full_width elementor-section-height-default elementor-section-height-default\" data-id=\"4cfdf76\" data-element_type=\"section\" data-e-type=\"section\" data-settings=\"{&quot;wdt_bg_image&quot;:{&quot;url&quot;:&quot;&quot;,&quot;id&quot;:&quot;&quot;,&quot;size&quot;:&quot;&quot;},&quot;wdt_bg_image_laptop&quot;:{&quot;url&quot;:&quot;&quot;,&quot;id&quot;:&quot;&quot;,&quot;size&quot;:&quot;&quot;},&quot;wdt_bg_image_tablet_extra&quot;:{&quot;url&quot;:&quot;&quot;,&quot;id&quot;:&quot;&quot;,&quot;size&quot;:&quot;&quot;},&quot;wdt_bg_image_tablet&quot;:{&quot;url&quot;:&quot;&quot;,&quot;id&quot;:&quot;&quot;,&quot;size&quot;:&quot;&quot;},&quot;wdt_bg_image_mobile_extra&quot;:{&quot;url&quot;:&quot;&quot;,&quot;id&quot;:&quot;&quot;,&quot;size&quot;:&quot;&quot;},&quot;wdt_bg_image_mobile&quot;:{&quot;url&quot;:&quot;&quot;,&quot;id&quot;:&quot;&quot;,&quot;size&quot;:&quot;&quot;},&quot;wdt_bg_position&quot;:&quot;center center&quot;,&quot;wdt_animation_effect&quot;:&quot;none&quot;}\">\n\t\t\t\t\t\t<div class=\"elementor-container elementor-column-gap-no\">\n\t\t\t\t\t<div class=\"elementor-column elementor-col-100 elementor-top-column elementor-element elementor-element-7ce86dc\" data-id=\"7ce86dc\" data-element_type=\"column\" data-e-type=\"column\">\n\t\t\t<div class=\"elementor-widget-wrap elementor-element-populated\">\n\t\t\t\t\t\t<div class=\"elementor-element elementor-element-5debd74 elementor-widget elementor-widget-html\" data-id=\"5debd74\" data-element_type=\"widget\" data-e-type=\"widget\" data-settings=\"{&quot;wdt_animation_effect&quot;:&quot;none&quot;}\" data-widget_type=\"html.default\">\n\t\t\t\t\t<iframe src=\"https:\/\/www.google.com\/maps\/embed?pb=!1m18!1m12!1m3!1d3007.922621558813!2d29.013259812692795!3d41.070684015458845!2m3!1f0!2f0!3f0!3m2!1i1024!2i768!4f13.1!3m3!1m2!1s0x14cab644309fd86b%3A0x91aeff59c32de66a!2zVXlndXIgxLDFnyBNZXJrZXpp!5e0!3m2!1str!2str!4v1772359662847!5m2!1str!2str\" width=\"600\" height=\"450\" style=\"border:0;\" allowfullscreen=\"\" loading=\"lazy\" referrerpolicy=\"no-referrer-when-downgrade\"><\/iframe>\t\t\t\t<\/div>\n\t\t\t\t\t<\/div>\n\t\t<\/div>\n\t\t\t\t\t<\/div>\n\t\t<\/section>\n\t\t\t\t<\/div>\n\t\t","protected":false},"excerpt":{"rendered":"<p>POINT CONGRESS Bizimle \u0130leti\u015fime Ge\u00e7in Web sitemize ve hizmetlerimize g\u00f6sterdi\u011finiz ilgi i\u00e7in te\u015fekk\u00fcr ederiz. Herhangi bir sorunuz varsa, l\u00fctfen bizimle ileti\u015fime ge\u00e7in! Adres: Nisbetiye Mah. Gazi G\u00fc\u00e7nar Sk. Uygur \u0130\u015f Mrkz. 4\/4 Be\u015fikta\u015f, \u0130stanbul Tel: +90 212 337 37 37 Mail: Info@pointcongress.com Bizimle \u0130leti\u015fime Ge\u00e7in &#038; Birinci S\u0131n\u0131f Hizmetin Keyfini \u00c7\u0131kar\u0131n Ki\u015fiselle\u015ftirilmi\u015f Destek ve \u00c7\u00f6z\u00fcmler<\/p>","protected":false},"author":1,"featured_media":0,"parent":0,"menu_order":0,"comment_status":"closed","ping_status":"closed","template":"elementor_header_footer","meta":{"footnotes":""},"class_list":["post-343","page","type-page","status-publish","hentry"],"_hostinger_reach_plugin_has_subscription_block":false,"_hostinger_reach_plugin_is_elementor":false,"_links":{"self":[{"href":"https:\/\/pointcongress.com\/en\/wp-json\/wp\/v2\/pages\/343","targetHints":{"allow":["GET"]}}],"collection":[{"href":"https:\/\/pointcongress.com\/en\/wp-json\/wp\/v2\/pages"}],"about":[{"href":"https:\/\/pointcongress.com\/en\/wp-json\/wp\/v2\/types\/page"}],"author":[{"embeddable":true,"href":"https:\/\/pointcongress.com\/en\/wp-json\/wp\/v2\/users\/1"}],"replies":[{"embeddable":true,"href":"https:\/\/pointcongress.com\/en\/wp-json\/wp\/v2\/comments?post=343"}],"version-history":[{"count":8,"href":"https:\/\/pointcongress.com\/en\/wp-json\/wp\/v2\/pages\/343\/revisions"}],"predecessor-version":[{"id":2059,"href":"https:\/\/pointcongress.com\/en\/wp-json\/wp\/v2\/pages\/343\/revisions\/2059"}],"wp:attachment":[{"href":"https:\/\/pointcongress.com\/en\/wp-json\/wp\/v2\/media?parent=343"}],"curies":[{"name":"wp","href":"https:\/\/api.w.org\/{rel}","templated":true}]}}